{"id":116,"date":"2020-10-05T12:47:45","date_gmt":"2020-10-05T12:47:45","guid":{"rendered":"http:\/\/baugeschichte.tuwien.ac.at\/website\/?page_id=116"},"modified":"2024-07-08T13:58:56","modified_gmt":"2024-07-08T11:58:56","slug":"forschung","status":"publish","type":"page","link":"http:\/\/baugeschichte.tuwien.ac.at\/website\/forschung\/","title":{"rendered":"Forschung"},"content":{"rendered":"\t\t<div data-elementor-type=\"wp-page\" data-elementor-id=\"116\" class=\"elementor elementor-116\" data-elementor-post-type=\"page\">\n\t\t\t\t\t\t<section class=\"elementor-section elementor-top-section elementor-element elementor-element-7c31284 animated-slow elementor-section-boxed elementor-section-height-default elementor-section-height-default elementor-invisible\" data-id=\"7c31284\" data-element_type=\"section\" data-e-type=\"section\" data-settings=\"{&quot;animation&quot;:&quot;fadeIn&quot;}\">\n\t\t\t\t\t\t<div class=\"elementor-container elementor-column-gap-default\">\n\t\t\t\t\t<div class=\"elementor-column elementor-col-100 elementor-top-column elementor-element elementor-element-2f83a59\" data-id=\"2f83a59\" data-element_type=\"column\" data-e-type=\"column\">\n\t\t\t<div class=\"elementor-widget-wrap elementor-element-populated\">\n\t\t\t\t\t\t<div class=\"elementor-element elementor-element-d1a10f0 elementor-widget elementor-widget-heading\" data-id=\"d1a10f0\" data-element_type=\"widget\" data-e-type=\"widget\" data-widget_type=\"heading.default\">\n\t\t\t\t<div class=\"elementor-widget-container\">\n\t\t\t\t\t<h2 class=\"elementor-heading-title elementor-size-default\">Forschung<\/h2>\t\t\t\t<\/div>\n\t\t\t\t<\/div>\n\t\t\t\t\t<\/div>\n\t\t<\/div>\n\t\t\t\t\t<\/div>\n\t\t<\/section>\n\t\t<div class=\"elementor-element elementor-element-0747634 e-flex e-con-boxed e-con e-parent\" data-id=\"0747634\" data-element_type=\"container\" data-e-type=\"container\">\n\t\t\t\t\t<div class=\"e-con-inner\">\n\t\t<div class=\"elementor-element elementor-element-7b4ed62 e-con-full e-flex e-con e-child\" data-id=\"7b4ed62\" data-element_type=\"container\" data-e-type=\"container\">\n\t\t\t\t<div class=\"elementor-element elementor-element-1b56715 elementor-widget-divider--view-line elementor-widget elementor-widget-divider\" data-id=\"1b56715\" data-element_type=\"widget\" data-e-type=\"widget\" data-widget_type=\"divider.default\">\n\t\t\t\t<div class=\"elementor-widget-container\">\n\t\t\t\t\t\t\t<div class=\"elementor-divider\">\n\t\t\t<span class=\"elementor-divider-separator\">\n\t\t\t\t\t\t<\/span>\n\t\t<\/div>\n\t\t\t\t\t\t<\/div>\n\t\t\t\t<\/div>\n\t\t\t\t<\/div>\n\t\t<div class=\"elementor-element elementor-element-e2263b3 e-con-full e-flex e-con e-child\" data-id=\"e2263b3\" data-element_type=\"container\" data-e-type=\"container\">\n\t\t\t\t<div class=\"elementor-element elementor-element-77e50cb elementor-align-center elementor-widget elementor-widget-button\" data-id=\"77e50cb\" data-element_type=\"widget\" data-e-type=\"widget\" data-widget_type=\"button.default\">\n\t\t\t\t<div class=\"elementor-widget-container\">\n\t\t\t\t\t\t\t\t\t<div class=\"elementor-button-wrapper\">\n\t\t\t\t\t<a class=\"elementor-button elementor-button-link elementor-size-sm\" href=\"http:\/\/baugeschichte.tuwien.ac.at\/website\/forschung\/forschung-abgeschlossen\/\">\n\t\t\t\t\t\t<span class=\"elementor-button-content-wrapper\">\n\t\t\t\t\t\t\t\t\t<span class=\"elementor-button-text\">ABGESCHLOSSEN<\/span>\n\t\t\t\t\t<\/span>\n\t\t\t\t\t<\/a>\n\t\t\t\t<\/div>\n\t\t\t\t\t\t\t\t<\/div>\n\t\t\t\t<\/div>\n\t\t\t\t<\/div>\n\t\t<div class=\"elementor-element elementor-element-6601110 e-con-full e-flex e-con e-child\" data-id=\"6601110\" data-element_type=\"container\" data-e-type=\"container\">\n\t\t\t\t<div class=\"elementor-element elementor-element-c0b48cd elementor-align-center elementor-widget elementor-widget-button\" data-id=\"c0b48cd\" data-element_type=\"widget\" data-e-type=\"widget\" data-widget_type=\"button.default\">\n\t\t\t\t<div class=\"elementor-widget-container\">\n\t\t\t\t\t\t\t\t\t<div class=\"elementor-button-wrapper\">\n\t\t\t\t\t<a class=\"elementor-button elementor-button-link elementor-size-sm\" href=\"#\">\n\t\t\t\t\t\t<span class=\"elementor-button-content-wrapper\">\n\t\t\t\t\t\t\t\t\t<span class=\"elementor-button-text\">AKTUELL<\/span>\n\t\t\t\t\t<\/span>\n\t\t\t\t\t<\/a>\n\t\t\t\t<\/div>\n\t\t\t\t\t\t\t\t<\/div>\n\t\t\t\t<\/div>\n\t\t\t\t<\/div>\n\t\t<div class=\"elementor-element elementor-element-7cf6b1f e-con-full e-flex e-con e-child\" data-id=\"7cf6b1f\" data-element_type=\"container\" data-e-type=\"container\">\n\t\t\t\t<div class=\"elementor-element elementor-element-23f8504 elementor-align-right elementor-widget elementor-widget-button\" data-id=\"23f8504\" data-element_type=\"widget\" data-e-type=\"widget\" data-widget_type=\"button.default\">\n\t\t\t\t<div class=\"elementor-widget-container\">\n\t\t\t\t\t\t\t\t\t<div class=\"elementor-button-wrapper\">\n\t\t\t\t\t<a class=\"elementor-button elementor-button-link elementor-size-sm\" href=\"http:\/\/baugeschichte.tuwien.ac.at\/website\/forschung\/forschung-in-der-lehre\/\">\n\t\t\t\t\t\t<span class=\"elementor-button-content-wrapper\">\n\t\t\t\t\t\t\t\t\t<span class=\"elementor-button-text\">FORSCHUNG IN DER LEHRE<\/span>\n\t\t\t\t\t<\/span>\n\t\t\t\t\t<\/a>\n\t\t\t\t<\/div>\n\t\t\t\t\t\t\t\t<\/div>\n\t\t\t\t<\/div>\n\t\t\t\t<\/div>\n\t\t<div class=\"elementor-element elementor-element-dc48b60 e-con-full e-flex e-con e-child\" data-id=\"dc48b60\" data-element_type=\"container\" data-e-type=\"container\">\n\t\t\t\t<div class=\"elementor-element elementor-element-868e7c6 elementor-widget-divider--view-line elementor-widget elementor-widget-divider\" data-id=\"868e7c6\" data-element_type=\"widget\" data-e-type=\"widget\" data-widget_type=\"divider.default\">\n\t\t\t\t<div class=\"elementor-widget-container\">\n\t\t\t\t\t\t\t<div class=\"elementor-divider\">\n\t\t\t<span class=\"elementor-divider-separator\">\n\t\t\t\t\t\t<\/span>\n\t\t<\/div>\n\t\t\t\t\t\t<\/div>\n\t\t\t\t<\/div>\n\t\t\t\t<\/div>\n\t\t\t\t\t<\/div>\n\t\t\t\t<\/div>\n\t\t<div class=\"elementor-element elementor-element-8e62720 e-flex e-con-boxed e-con e-parent\" data-id=\"8e62720\" data-element_type=\"container\" data-e-type=\"container\" id=\"Scrollup\">\n\t\t\t\t\t<div class=\"e-con-inner\">\n\t\t<div class=\"elementor-element elementor-element-3909485 e-con-full e-flex e-con e-child\" data-id=\"3909485\" data-element_type=\"container\" data-e-type=\"container\">\n\t\t\t\t<div class=\"elementor-element elementor-element-b3480a1 elementor-grid-4 elementor-grid-tablet-2 elementor-grid-mobile-1 elementor-invisible elementor-widget elementor-widget-portfolio\" data-id=\"b3480a1\" data-element_type=\"widget\" data-e-type=\"widget\" data-settings=\"{&quot;columns&quot;:&quot;4&quot;,&quot;item_ratio&quot;:{&quot;unit&quot;:&quot;px&quot;,&quot;size&quot;:1,&quot;sizes&quot;:[]},&quot;row_gap&quot;:{&quot;unit&quot;:&quot;px&quot;,&quot;size&quot;:10,&quot;sizes&quot;:[]},&quot;_animation&quot;:&quot;fadeIn&quot;,&quot;columns_tablet&quot;:&quot;2&quot;,&quot;columns_mobile&quot;:&quot;1&quot;,&quot;item_gap&quot;:{&quot;unit&quot;:&quot;px&quot;,&quot;size&quot;:&quot;&quot;,&quot;sizes&quot;:[]}}\" data-widget_type=\"portfolio.default\">\n\t\t\t\t<div class=\"elementor-widget-container\">\n\t\t\t\t\t\t\t<div class=\"elementor-portfolio elementor-grid elementor-posts-container\">\n\t\t\t\t<article class=\"elementor-portfolio-item elementor-post elementor-filter-7 post-9112 post type-post status-publish format-standard has-post-thumbnail hentry category-aktuell\">\n\t\t\t<a class=\"elementor-post__thumbnail__link\" href=\"http:\/\/baugeschichte.tuwien.ac.at\/website\/palastarchitektur-in-agyptenund-ihre-raumliche-semiotik\/\">\n\t\t\t\t<div class=\"elementor-portfolio-item__img elementor-post__thumbnail\">\n\t\t\t<img fetchpriority=\"high\" decoding=\"async\" width=\"800\" height=\"402\" src=\"http:\/\/baugeschichte.tuwien.ac.at\/website\/wp-content\/uploads\/2023\/11\/00_Header-1-1024x515.jpg\" class=\"attachment-large size-large wp-image-9099\" alt=\"\" srcset=\"http:\/\/baugeschichte.tuwien.ac.at\/website\/wp-content\/uploads\/2023\/11\/00_Header-1-1024x515.jpg 1024w, http:\/\/baugeschichte.tuwien.ac.at\/website\/wp-content\/uploads\/2023\/11\/00_Header-1-300x151.jpg 300w, http:\/\/baugeschichte.tuwien.ac.at\/website\/wp-content\/uploads\/2023\/11\/00_Header-1-768x387.jpg 768w, http:\/\/baugeschichte.tuwien.ac.at\/website\/wp-content\/uploads\/2023\/11\/00_Header-1-50x25.jpg 50w, http:\/\/baugeschichte.tuwien.ac.at\/website\/wp-content\/uploads\/2023\/11\/00_Header-1.jpg 1536w\" sizes=\"(max-width: 800px) 100vw, 800px\" \/>\t\t<\/div>\n\t\t\t\t<div class=\"elementor-portfolio-item__overlay\">\n\t\t\t\t<h3 class=\"elementor-portfolio-item__title\">\n\t\tPalastarchitektur in \u00c4gypten<br>und ihre r\u00e4umliche Semiotik\t\t<\/h3>\n\t\t\t\t<\/div>\n\t\t\t\t<\/a>\n\t\t<\/article>\n\t\t\t\t<article class=\"elementor-portfolio-item elementor-post elementor-filter-7 post-7090 post type-post status-publish format-standard has-post-thumbnail hentry category-aktuell tag-bauforschung tag-osterreich\">\n\t\t\t<a class=\"elementor-post__thumbnail__link\" href=\"http:\/\/baugeschichte.tuwien.ac.at\/website\/erdbewegung-lehm-als-klima-und-ressourcenschonender-baustoff\/\">\n\t\t\t\t<div class=\"elementor-portfolio-item__img elementor-post__thumbnail\">\n\t\t\t<img decoding=\"async\" width=\"800\" height=\"534\" src=\"http:\/\/baugeschichte.tuwien.ac.at\/website\/wp-content\/uploads\/2023\/07\/AdobeStock_568987745-1024x683.jpeg\" class=\"attachment-large size-large wp-image-7130\" alt=\"\" srcset=\"http:\/\/baugeschichte.tuwien.ac.at\/website\/wp-content\/uploads\/2023\/07\/AdobeStock_568987745-1024x683.jpeg 1024w, http:\/\/baugeschichte.tuwien.ac.at\/website\/wp-content\/uploads\/2023\/07\/AdobeStock_568987745-300x200.jpeg 300w, http:\/\/baugeschichte.tuwien.ac.at\/website\/wp-content\/uploads\/2023\/07\/AdobeStock_568987745-768x512.jpeg 768w, http:\/\/baugeschichte.tuwien.ac.at\/website\/wp-content\/uploads\/2023\/07\/AdobeStock_568987745-1600x1067.jpeg 1600w, http:\/\/baugeschichte.tuwien.ac.at\/website\/wp-content\/uploads\/2023\/07\/AdobeStock_568987745-1536x1024.jpeg 1536w, http:\/\/baugeschichte.tuwien.ac.at\/website\/wp-content\/uploads\/2023\/07\/AdobeStock_568987745-2048x1365.jpeg 2048w\" sizes=\"(max-width: 800px) 100vw, 800px\" \/>\t\t<\/div>\n\t\t\t\t<div class=\"elementor-portfolio-item__overlay\">\n\t\t\t\t<h3 class=\"elementor-portfolio-item__title\">\n\t\tErdbewegung: Lehm als klima- und ressourcenschonender Baustoff\t\t<\/h3>\n\t\t\t\t<\/div>\n\t\t\t\t<\/a>\n\t\t<\/article>\n\t\t\t\t<article class=\"elementor-portfolio-item elementor-post elementor-filter-7 post-7106 post type-post status-publish format-standard has-post-thumbnail hentry category-aktuell tag-bauforschung tag-osterreich\">\n\t\t\t<a class=\"elementor-post__thumbnail__link\" href=\"http:\/\/baugeschichte.tuwien.ac.at\/website\/lehm-als-werkstoff-fur-larmschutzwande\/\">\n\t\t\t\t<div class=\"elementor-portfolio-item__img elementor-post__thumbnail\">\n\t\t\t<img decoding=\"async\" width=\"800\" height=\"451\" src=\"http:\/\/baugeschichte.tuwien.ac.at\/website\/wp-content\/uploads\/2023\/07\/clay_07-1-1024x577.jpg\" class=\"attachment-large size-large wp-image-7123\" alt=\"\" srcset=\"http:\/\/baugeschichte.tuwien.ac.at\/website\/wp-content\/uploads\/2023\/07\/clay_07-1-1024x577.jpg 1024w, http:\/\/baugeschichte.tuwien.ac.at\/website\/wp-content\/uploads\/2023\/07\/clay_07-1-300x169.jpg 300w, http:\/\/baugeschichte.tuwien.ac.at\/website\/wp-content\/uploads\/2023\/07\/clay_07-1-768x433.jpg 768w, http:\/\/baugeschichte.tuwien.ac.at\/website\/wp-content\/uploads\/2023\/07\/clay_07-1-1600x902.jpg 1600w, http:\/\/baugeschichte.tuwien.ac.at\/website\/wp-content\/uploads\/2023\/07\/clay_07-1-1536x866.jpg 1536w, http:\/\/baugeschichte.tuwien.ac.at\/website\/wp-content\/uploads\/2023\/07\/clay_07-1-2048x1155.jpg 2048w\" sizes=\"(max-width: 800px) 100vw, 800px\" \/>\t\t<\/div>\n\t\t\t\t<div class=\"elementor-portfolio-item__overlay\">\n\t\t\t\t<h3 class=\"elementor-portfolio-item__title\">\n\t\tLehm als Werkstoff <br>f\u00fcr L\u00e4rmschutzw\u00e4nde\t\t<\/h3>\n\t\t\t\t<\/div>\n\t\t\t\t<\/a>\n\t\t<\/article>\n\t\t\t\t<article class=\"elementor-portfolio-item elementor-post elementor-filter-7 post-6677 post type-post status-publish format-standard has-post-thumbnail hentry category-aktuell tag-bauaufnahme tag-bauforschung tag-osterreich\">\n\t\t\t<a class=\"elementor-post__thumbnail__link\" href=\"http:\/\/baugeschichte.tuwien.ac.at\/website\/digitale-modelle-die-wiener-karlskirche\/\">\n\t\t\t\t<div class=\"elementor-portfolio-item__img elementor-post__thumbnail\">\n\t\t\t<img loading=\"lazy\" decoding=\"async\" width=\"800\" height=\"534\" src=\"http:\/\/baugeschichte.tuwien.ac.at\/website\/wp-content\/uploads\/2023\/05\/DSC02745-1-1024x683.jpg\" class=\"attachment-large size-large wp-image-6690\" alt=\"\" srcset=\"http:\/\/baugeschichte.tuwien.ac.at\/website\/wp-content\/uploads\/2023\/05\/DSC02745-1-1024x683.jpg 1024w, http:\/\/baugeschichte.tuwien.ac.at\/website\/wp-content\/uploads\/2023\/05\/DSC02745-1-300x200.jpg 300w, http:\/\/baugeschichte.tuwien.ac.at\/website\/wp-content\/uploads\/2023\/05\/DSC02745-1-768x512.jpg 768w, http:\/\/baugeschichte.tuwien.ac.at\/website\/wp-content\/uploads\/2023\/05\/DSC02745-1-1600x1067.jpg 1600w, http:\/\/baugeschichte.tuwien.ac.at\/website\/wp-content\/uploads\/2023\/05\/DSC02745-1-1536x1024.jpg 1536w, http:\/\/baugeschichte.tuwien.ac.at\/website\/wp-content\/uploads\/2023\/05\/DSC02745-1-2048x1365.jpg 2048w\" sizes=\"(max-width: 800px) 100vw, 800px\" \/>\t\t<\/div>\n\t\t\t\t<div class=\"elementor-portfolio-item__overlay\">\n\t\t\t\t<h3 class=\"elementor-portfolio-item__title\">\n\t\tDigitale Modelle: <br>Die Wiener Karlskirche\t\t<\/h3>\n\t\t\t\t<\/div>\n\t\t\t\t<\/a>\n\t\t<\/article>\n\t\t\t\t<article class=\"elementor-portfolio-item elementor-post elementor-filter-7 post-5182 post type-post status-publish format-standard has-post-thumbnail hentry category-aktuell tag-studentenheim\">\n\t\t\t<a class=\"elementor-post__thumbnail__link\" href=\"http:\/\/baugeschichte.tuwien.ac.at\/website\/studenten-daheim\/\">\n\t\t\t\t<div class=\"elementor-portfolio-item__img elementor-post__thumbnail\">\n\t\t\t<img loading=\"lazy\" decoding=\"async\" width=\"800\" height=\"798\" src=\"http:\/\/baugeschichte.tuwien.ac.at\/website\/wp-content\/uploads\/2022\/10\/Studenten-Daheim-1024x1022.jpg\" class=\"attachment-large size-large wp-image-5187\" alt=\"\" srcset=\"http:\/\/baugeschichte.tuwien.ac.at\/website\/wp-content\/uploads\/2022\/10\/Studenten-Daheim-1024x1022.jpg 1024w, http:\/\/baugeschichte.tuwien.ac.at\/website\/wp-content\/uploads\/2022\/10\/Studenten-Daheim-300x300.jpg 300w, http:\/\/baugeschichte.tuwien.ac.at\/website\/wp-content\/uploads\/2022\/10\/Studenten-Daheim-150x150.jpg 150w, http:\/\/baugeschichte.tuwien.ac.at\/website\/wp-content\/uploads\/2022\/10\/Studenten-Daheim-768x766.jpg 768w, http:\/\/baugeschichte.tuwien.ac.at\/website\/wp-content\/uploads\/2022\/10\/Studenten-Daheim-1600x1597.jpg 1600w, http:\/\/baugeschichte.tuwien.ac.at\/website\/wp-content\/uploads\/2022\/10\/Studenten-Daheim-1536x1533.jpg 1536w, http:\/\/baugeschichte.tuwien.ac.at\/website\/wp-content\/uploads\/2022\/10\/Studenten-Daheim-2048x2044.jpg 2048w\" sizes=\"(max-width: 800px) 100vw, 800px\" \/>\t\t<\/div>\n\t\t\t\t<div class=\"elementor-portfolio-item__overlay\">\n\t\t\t\t<h3 class=\"elementor-portfolio-item__title\">\n\t\tStudierenden(da)Heim\t\t<\/h3>\n\t\t\t\t<\/div>\n\t\t\t\t<\/a>\n\t\t<\/article>\n\t\t\t\t<article class=\"elementor-portfolio-item elementor-post elementor-filter-7 post-228 post type-post status-publish format-standard has-post-thumbnail hentry category-aktuell tag-bauaufnahme tag-bautechnikgeschichte tag-romische-antike tag-sepulkralarchitektur\">\n\t\t\t<a class=\"elementor-post__thumbnail__link\" href=\"http:\/\/baugeschichte.tuwien.ac.at\/website\/das-letzte-haus\/\">\n\t\t\t\t<div class=\"elementor-portfolio-item__img elementor-post__thumbnail\">\n\t\t\t<img loading=\"lazy\" decoding=\"async\" width=\"800\" height=\"534\" src=\"http:\/\/baugeschichte.tuwien.ac.at\/website\/wp-content\/uploads\/2020\/10\/DSC03588_cover-1-1024x683.jpg\" class=\"attachment-large size-large wp-image-2712\" alt=\"\" srcset=\"http:\/\/baugeschichte.tuwien.ac.at\/website\/wp-content\/uploads\/2020\/10\/DSC03588_cover-1-1024x683.jpg 1024w, http:\/\/baugeschichte.tuwien.ac.at\/website\/wp-content\/uploads\/2020\/10\/DSC03588_cover-1-300x200.jpg 300w, http:\/\/baugeschichte.tuwien.ac.at\/website\/wp-content\/uploads\/2020\/10\/DSC03588_cover-1-768x512.jpg 768w, http:\/\/baugeschichte.tuwien.ac.at\/website\/wp-content\/uploads\/2020\/10\/DSC03588_cover-1-1600x1067.jpg 1600w, http:\/\/baugeschichte.tuwien.ac.at\/website\/wp-content\/uploads\/2020\/10\/DSC03588_cover-1-1536x1024.jpg 1536w, http:\/\/baugeschichte.tuwien.ac.at\/website\/wp-content\/uploads\/2020\/10\/DSC03588_cover-1-2048x1365.jpg 2048w\" sizes=\"(max-width: 800px) 100vw, 800px\" \/>\t\t<\/div>\n\t\t\t\t<div class=\"elementor-portfolio-item__overlay\">\n\t\t\t\t<h3 class=\"elementor-portfolio-item__title\">\n\t\tDas letzte Haus\t\t<\/h3>\n\t\t\t\t<\/div>\n\t\t\t\t<\/a>\n\t\t<\/article>\n\t\t\t\t<article class=\"elementor-portfolio-item elementor-post elementor-filter-7 post-1392 post type-post status-publish format-standard has-post-thumbnail hentry category-aktuell tag-antike tag-bauforschung tag-sepulkralarchitektur\">\n\t\t\t<a class=\"elementor-post__thumbnail__link\" href=\"http:\/\/baugeschichte.tuwien.ac.at\/website\/vigna-randanini\/\">\n\t\t\t\t<div class=\"elementor-portfolio-item__img elementor-post__thumbnail\">\n\t\t\t<img loading=\"lazy\" decoding=\"async\" width=\"467\" height=\"291\" src=\"http:\/\/baugeschichte.tuwien.ac.at\/website\/wp-content\/uploads\/2022\/09\/Unbenannt.png\" class=\"attachment-large size-large wp-image-11829\" alt=\"\" srcset=\"http:\/\/baugeschichte.tuwien.ac.at\/website\/wp-content\/uploads\/2022\/09\/Unbenannt.png 467w, http:\/\/baugeschichte.tuwien.ac.at\/website\/wp-content\/uploads\/2022\/09\/Unbenannt-300x187.png 300w, http:\/\/baugeschichte.tuwien.ac.at\/website\/wp-content\/uploads\/2022\/09\/Unbenannt-50x31.png 50w\" sizes=\"(max-width: 467px) 100vw, 467px\" \/>\t\t<\/div>\n\t\t\t\t<div class=\"elementor-portfolio-item__overlay\">\n\t\t\t\t<h3 class=\"elementor-portfolio-item__title\">\n\t\tVigna Randanini\t\t<\/h3>\n\t\t\t\t<\/div>\n\t\t\t\t<\/a>\n\t\t<\/article>\n\t\t\t\t<article class=\"elementor-portfolio-item elementor-post elementor-filter-7 post-998 post type-post status-publish format-standard has-post-thumbnail hentry category-aktuell tag-ausereuropaisch tag-bautechnikgeschichte tag-lehmbau tag-spatantike tag-wehrarchitektur\">\n\t\t\t<a class=\"elementor-post__thumbnail__link\" href=\"http:\/\/baugeschichte.tuwien.ac.at\/website\/hisn-al-bab-ii\/\">\n\t\t\t\t<div class=\"elementor-portfolio-item__img elementor-post__thumbnail\">\n\t\t\t<img loading=\"lazy\" decoding=\"async\" width=\"800\" height=\"533\" src=\"http:\/\/baugeschichte.tuwien.ac.at\/website\/wp-content\/uploads\/2020\/10\/Hisn-Al-Bab-II-1024x682.jpg\" class=\"attachment-large size-large wp-image-594\" alt=\"\" srcset=\"http:\/\/baugeschichte.tuwien.ac.at\/website\/wp-content\/uploads\/2020\/10\/Hisn-Al-Bab-II-1024x682.jpg 1024w, http:\/\/baugeschichte.tuwien.ac.at\/website\/wp-content\/uploads\/2020\/10\/Hisn-Al-Bab-II-300x200.jpg 300w, http:\/\/baugeschichte.tuwien.ac.at\/website\/wp-content\/uploads\/2020\/10\/Hisn-Al-Bab-II-768x512.jpg 768w, http:\/\/baugeschichte.tuwien.ac.at\/website\/wp-content\/uploads\/2020\/10\/Hisn-Al-Bab-II-1536x1024.jpg 1536w, http:\/\/baugeschichte.tuwien.ac.at\/website\/wp-content\/uploads\/2020\/10\/Hisn-Al-Bab-II-2048x1365.jpg 2048w\" sizes=\"(max-width: 800px) 100vw, 800px\" \/>\t\t<\/div>\n\t\t\t\t<div class=\"elementor-portfolio-item__overlay\">\n\t\t\t\t<h3 class=\"elementor-portfolio-item__title\">\n\t\tHisn Al-Bab II\t\t<\/h3>\n\t\t\t\t<\/div>\n\t\t\t\t<\/a>\n\t\t<\/article>\n\t\t\t\t<article class=\"elementor-portfolio-item elementor-post elementor-filter-7 post-4172 post type-post status-publish format-standard has-post-thumbnail hentry category-aktuell tag-osterreich\">\n\t\t\t<a class=\"elementor-post__thumbnail__link\" href=\"http:\/\/baugeschichte.tuwien.ac.at\/website\/tradition-und-transformation\/\">\n\t\t\t\t<div class=\"elementor-portfolio-item__img elementor-post__thumbnail\">\n\t\t\t<img loading=\"lazy\" decoding=\"async\" width=\"800\" height=\"534\" src=\"http:\/\/baugeschichte.tuwien.ac.at\/website\/wp-content\/uploads\/2021\/12\/Presshaus-1024x683.jpg\" class=\"attachment-large size-large wp-image-4235\" alt=\"\" srcset=\"http:\/\/baugeschichte.tuwien.ac.at\/website\/wp-content\/uploads\/2021\/12\/Presshaus-1024x683.jpg 1024w, http:\/\/baugeschichte.tuwien.ac.at\/website\/wp-content\/uploads\/2021\/12\/Presshaus-300x200.jpg 300w, http:\/\/baugeschichte.tuwien.ac.at\/website\/wp-content\/uploads\/2021\/12\/Presshaus-768x512.jpg 768w, http:\/\/baugeschichte.tuwien.ac.at\/website\/wp-content\/uploads\/2021\/12\/Presshaus-1600x1067.jpg 1600w, http:\/\/baugeschichte.tuwien.ac.at\/website\/wp-content\/uploads\/2021\/12\/Presshaus-1536x1024.jpg 1536w, http:\/\/baugeschichte.tuwien.ac.at\/website\/wp-content\/uploads\/2021\/12\/Presshaus-2048x1365.jpg 2048w\" sizes=\"(max-width: 800px) 100vw, 800px\" \/>\t\t<\/div>\n\t\t\t\t<div class=\"elementor-portfolio-item__overlay\">\n\t\t\t\t<h3 class=\"elementor-portfolio-item__title\">\n\t\tTradition und Transformation\t\t<\/h3>\n\t\t\t\t<\/div>\n\t\t\t\t<\/a>\n\t\t<\/article>\n\t\t\t\t<article class=\"elementor-portfolio-item elementor-post elementor-filter-7 post-602 post type-post status-publish format-standard has-post-thumbnail hentry category-aktuell tag-moscheen tag-sakralarchitektur\">\n\t\t\t<a class=\"elementor-post__thumbnail__link\" href=\"http:\/\/baugeschichte.tuwien.ac.at\/website\/moscheen-im-wandel\/\">\n\t\t\t\t<div class=\"elementor-portfolio-item__img elementor-post__thumbnail\">\n\t\t\t<img loading=\"lazy\" decoding=\"async\" width=\"800\" height=\"534\" src=\"http:\/\/baugeschichte.tuwien.ac.at\/website\/wp-content\/uploads\/2023\/03\/AdobeStock_536685753-1024x683.jpeg\" class=\"attachment-large size-large wp-image-6284\" alt=\"\" srcset=\"http:\/\/baugeschichte.tuwien.ac.at\/website\/wp-content\/uploads\/2023\/03\/AdobeStock_536685753-1024x683.jpeg 1024w, http:\/\/baugeschichte.tuwien.ac.at\/website\/wp-content\/uploads\/2023\/03\/AdobeStock_536685753-300x200.jpeg 300w, http:\/\/baugeschichte.tuwien.ac.at\/website\/wp-content\/uploads\/2023\/03\/AdobeStock_536685753-768x512.jpeg 768w, http:\/\/baugeschichte.tuwien.ac.at\/website\/wp-content\/uploads\/2023\/03\/AdobeStock_536685753-1600x1067.jpeg 1600w, http:\/\/baugeschichte.tuwien.ac.at\/website\/wp-content\/uploads\/2023\/03\/AdobeStock_536685753-1536x1024.jpeg 1536w, http:\/\/baugeschichte.tuwien.ac.at\/website\/wp-content\/uploads\/2023\/03\/AdobeStock_536685753-2048x1365.jpeg 2048w\" sizes=\"(max-width: 800px) 100vw, 800px\" \/>\t\t<\/div>\n\t\t\t\t<div class=\"elementor-portfolio-item__overlay\">\n\t\t\t\t<h3 class=\"elementor-portfolio-item__title\">\n\t\tForschungsprojekt <br> Moscheen im Wandel\t\t<\/h3>\n\t\t\t\t<\/div>\n\t\t\t\t<\/a>\n\t\t<\/article>\n\t\t\t\t<article class=\"elementor-portfolio-item elementor-post elementor-filter-7 post-274 post type-post status-publish format-standard has-post-thumbnail hentry category-aktuell tag-dachwerke tag-forschungsprojekt\">\n\t\t\t<a class=\"elementor-post__thumbnail__link\" href=\"http:\/\/baugeschichte.tuwien.ac.at\/website\/points-beams-structures\/\">\n\t\t\t\t<div class=\"elementor-portfolio-item__img elementor-post__thumbnail\">\n\t\t\t<img loading=\"lazy\" decoding=\"async\" width=\"800\" height=\"533\" src=\"http:\/\/baugeschichte.tuwien.ac.at\/website\/wp-content\/uploads\/2020\/10\/Points-\u2013-Beams-\u2013-Structures-1024x682.jpg\" class=\"attachment-large size-large wp-image-597\" alt=\"\" srcset=\"http:\/\/baugeschichte.tuwien.ac.at\/website\/wp-content\/uploads\/2020\/10\/Points-\u2013-Beams-\u2013-Structures-1024x682.jpg 1024w, http:\/\/baugeschichte.tuwien.ac.at\/website\/wp-content\/uploads\/2020\/10\/Points-\u2013-Beams-\u2013-Structures-300x200.jpg 300w, http:\/\/baugeschichte.tuwien.ac.at\/website\/wp-content\/uploads\/2020\/10\/Points-\u2013-Beams-\u2013-Structures-768x512.jpg 768w, http:\/\/baugeschichte.tuwien.ac.at\/website\/wp-content\/uploads\/2020\/10\/Points-\u2013-Beams-\u2013-Structures-1536x1024.jpg 1536w, http:\/\/baugeschichte.tuwien.ac.at\/website\/wp-content\/uploads\/2020\/10\/Points-\u2013-Beams-\u2013-Structures-2048x1365.jpg 2048w\" sizes=\"(max-width: 800px) 100vw, 800px\" \/>\t\t<\/div>\n\t\t\t\t<div class=\"elementor-portfolio-item__overlay\">\n\t\t\t\t<h3 class=\"elementor-portfolio-item__title\">\n\t\tPoints, Beams, Structures\t\t<\/h3>\n\t\t\t\t<\/div>\n\t\t\t\t<\/a>\n\t\t<\/article>\n\t\t\t\t<\/div>\n\t\t\t\t\t\t<\/div>\n\t\t\t\t<\/div>\n\t\t\t\t<\/div>\n\t\t\t\t\t<\/div>\n\t\t\t\t<\/div>\n\t\t\t\t<\/div>\n\t\t","protected":false},"excerpt":{"rendered":"<p>Forschung ABGESCHLOSSEN AKTUELL FORSCHUNG IN DER LEHRE<\/p>\n","protected":false},"author":1,"featured_media":0,"parent":0,"menu_order":0,"comment_status":"closed","ping_status":"closed","template":"elementor_header_footer","meta":{"_acf_changed":false,"footnotes":""},"class_list":["post-116","page","type-page","status-publish","hentry"],"acf":[],"rttpg_featured_image_url":null,"rttpg_author":{"display_name":"admin","author_link":"http:\/\/baugeschichte.tuwien.ac.at\/website\/author\/admin\/"},"rttpg_comment":0,"rttpg_category":"","rttpg_excerpt":"Forschung ABGESCHLOSSEN AKTUELL FORSCHUNG IN DER LEHRE","_links":{"self":[{"href":"http:\/\/baugeschichte.tuwien.ac.at\/website\/wp-json\/wp\/v2\/pages\/116","targetHints":{"allow":["GET"]}}],"collection":[{"href":"http:\/\/baugeschichte.tuwien.ac.at\/website\/wp-json\/wp\/v2\/pages"}],"about":[{"href":"http:\/\/baugeschichte.tuwien.ac.at\/website\/wp-json\/wp\/v2\/types\/page"}],"author":[{"embeddable":true,"href":"http:\/\/baugeschichte.tuwien.ac.at\/website\/wp-json\/wp\/v2\/users\/1"}],"replies":[{"embeddable":true,"href":"http:\/\/baugeschichte.tuwien.ac.at\/website\/wp-json\/wp\/v2\/comments?post=116"}],"version-history":[{"count":0,"href":"http:\/\/baugeschichte.tuwien.ac.at\/website\/wp-json\/wp\/v2\/pages\/116\/revisions"}],"wp:attachment":[{"href":"http:\/\/baugeschichte.tuwien.ac.at\/website\/wp-json\/wp\/v2\/media?parent=116"}],"curies":[{"name":"wp","href":"https:\/\/api.w.org\/{rel}","templated":true}]}}