{"id":605,"date":"2020-11-09T13:28:22","date_gmt":"2020-11-09T13:28:22","guid":{"rendered":"http:\/\/baugeschichte.tuwien.ac.at\/website\/?page_id=605"},"modified":"2021-01-18T16:38:45","modified_gmt":"2021-01-18T15:38:45","slug":"impressum","status":"publish","type":"page","link":"http:\/\/baugeschichte.tuwien.ac.at\/website\/impressum\/","title":{"rendered":"Impressum"},"content":{"rendered":"\t\t<div data-elementor-type=\"wp-page\" data-elementor-id=\"605\" class=\"elementor elementor-605\" data-elementor-post-type=\"page\">\n\t\t\t\t\t\t<section class=\"elementor-section elementor-top-section elementor-element elementor-element-e2a05c8 elementor-section-boxed elementor-section-height-default elementor-section-height-default\" data-id=\"e2a05c8\" data-element_type=\"section\" data-e-type=\"section\">\n\t\t\t\t\t\t<div class=\"elementor-container elementor-column-gap-default\">\n\t\t\t\t\t<div class=\"elementor-column elementor-col-100 elementor-top-column elementor-element elementor-element-ed8fca2\" data-id=\"ed8fca2\" data-element_type=\"column\" data-e-type=\"column\">\n\t\t\t<div class=\"elementor-widget-wrap elementor-element-populated\">\n\t\t\t\t\t\t<div class=\"elementor-element elementor-element-7fef414 elementor-widget elementor-widget-heading\" data-id=\"7fef414\" data-element_type=\"widget\" data-e-type=\"widget\" data-widget_type=\"heading.default\">\n\t\t\t\t<div class=\"elementor-widget-container\">\n\t\t\t\t\t<h2 class=\"elementor-heading-title elementor-size-default\"><h2 style=\", sans-serif;font-weight: 500;font-size: 40px;text-align: center;white-space: normal\">Impressum<\/h2><\/h2>\t\t\t\t<\/div>\n\t\t\t\t<\/div>\n\t\t\t\t<div class=\"elementor-element elementor-element-3b8e0f9 elementor-widget elementor-widget-text-editor\" data-id=\"3b8e0f9\" data-element_type=\"widget\" data-e-type=\"widget\" data-widget_type=\"text-editor.default\">\n\t\t\t\t<div class=\"elementor-widget-container\">\n\t\t\t\t\t\t\t\t\t<h2 style=\"color: #000000; text-align: center;\"><span style=\"color: var( --e-global-color-primary ); font-style: var( --e-global-typography-secondary-font-style ); text-transform: var( --e-global-typography-secondary-text-transform );\"><b>Offenlegungspflicht gem\u00e4\u00df <\/b><\/span><span style=\"color: var( --e-global-color-primary ); font-style: var( --e-global-typography-secondary-font-style ); text-transform: var( --e-global-typography-secondary-text-transform );\"><b>\u00a7<\/b><\/span><span style=\"color: var( --e-global-color-primary ); font-style: var( --e-global-typography-secondary-font-style ); text-transform: var( --e-global-typography-secondary-text-transform );\"><b>25 \u00a0Mediengesetz | Disclosure &amp; Imprint according to \u00a7 25 Media Law<\/b><\/span><b><\/b><\/h2>\n<h2 style=\"text-align: center;\"><span style=\"color: var( --e-global-color-primary ); font-family: var( --e-global-typography-secondary-font-family ), Sans-serif; font-style: var( --e-global-typography-secondary-font-style ); font-weight: var( --e-global-typography-secondary-font-weight ); text-transform: var( --e-global-typography-secondary-text-transform ); font-size: 1rem;\">Internet-Seiten des Forschungsbereiches Baugeschichte und Bauforschung\u00a0\u00a0<\/span><\/h2>\n<p style=\"text-align: center;\">\u00a0<\/p>\n<p style=\"text-align: center;\">Inhaber der Website: Technische Universit\u00e4t Wien &#8211; Institut f\u00fcr Kunstgeschichte, Bauforschung und Denkmalpflege.<\/p>\n<p style=\"text-align: center;\">TU Wien<br \/>Karlsplatz 13 \/ 251-1<br \/>1040, Vienna, Austria<\/p>\n<p style=\"text-align: center;\">\u00a0<\/p>\n<p style=\"text-align: center;\">Website of the Department of History of Architecture and Building Archaeology. Content manager: Technical University Vienna &#8211; Institute of History of Architecture Building Archaeology and Restoration.<\/p>\n<p style=\"text-align: center;\">TU Vienna<br \/>Karlsplatz 13 \/ 251-1<br \/>1040, Vienna, Austria<\/p>\n<p style=\"text-align: center;\">\u00a0<\/p>\n<h2 style=\"text-align: center;\"><strong>Urheberrechte | Copyrights<\/strong><\/h2>\n<p style=\"text-align: center;\">Alle Inhalte wurden sorgf\u00e4ltig auf Urheberrechte \u00fcberpr\u00fcft. Der Inhalt ist, wenn nicht anders hervorgehoben, geistiges Eigentum des Fachbereichs Baugeschichte und Bauforschung der TU Wien. Der Inhalt der extern verlinkten Ressourcen wird nicht von der Abteilung erstellt und unterliegt daher nicht unserer Verantwortung.<\/p>\n<p style=\"text-align: center;\">All content was checked carefully regarding copyrights. If not mentioned otherwise, the content is intellectual property of the Department of History of Architecture andBuilding Archaeology, TU Vienna. The content of externally linked resources is not authored by the department and thus not in our responsibility.<\/p>\n<p style=\"text-align: center;\">\u00a0<\/p>\n<h2 style=\"text-align: center;\"><strong>Haftungsausschluss | Disclaimer <\/strong><\/h2>\n<p style=\"text-align: center;\">Siehe <a href=\"https:\/\/www.tuwien.at\/tu-wien\/kontakt\/impressum\">Impressum<\/a> der TU Wien. <br \/>See <a href=\"https:\/\/www.tuwien.at\/en\/tu-wien\/contact\/legal-notice\">Legal Notice<\/a> of TU Vienna.<\/p>\n<p style=\"text-align: center;\">\u00a0<\/p>\n<p style=\"text-align: center;\"><\/p>\n<p style=\"text-align: center;\"><\/p>\n<h2 style=\"text-align: center;\"><strong>Webredaktion | Web Editor<\/strong><\/h2>\n<p style=\"text-align: center;\">Mitarbeiter des Fachbereichs Baugeschichte und Bauforschung (siehe Team).<\/p>\n<p style=\"text-align: center;\">Staff of Department for History of Architecture and Building Archaeology, TU Vienna (see Team).<\/p>\t\t\t\t\t\t\t\t<\/div>\n\t\t\t\t<\/div>\n\t\t\t\t\t<\/div>\n\t\t<\/div>\n\t\t\t\t\t<\/div>\n\t\t<\/section>\n\t\t\t\t<\/div>\n\t\t","protected":false},"excerpt":{"rendered":"<p>Impressum Offenlegungspflicht gem\u00e4\u00df \u00a725 \u00a0Mediengesetz | Disclosure &amp; Imprint according to \u00a7 25 Media Law Internet-Seiten des Forschungsbereiches Baugeschichte und Bauforschung\u00a0\u00a0 \u00a0 Inhaber der Website: Technische Universit\u00e4t Wien &#8211; Institut f\u00fcr Kunstgeschichte, Bauforschung und Denkmalpflege. TU WienKarlsplatz 13 \/ 251-11040, Vienna, Austria \u00a0 Website of the Department of History of Architecture and Building Archaeology. Content [&hellip;]<\/p>\n","protected":false},"author":1,"featured_media":0,"parent":0,"menu_order":0,"comment_status":"closed","ping_status":"closed","template":"","meta":{"_acf_changed":false,"footnotes":""},"class_list":["post-605","page","type-page","status-publish","hentry"],"acf":[],"rttpg_featured_image_url":null,"rttpg_author":{"display_name":"admin","author_link":"http:\/\/baugeschichte.tuwien.ac.at\/website\/author\/admin\/"},"rttpg_comment":0,"rttpg_category":null,"rttpg_excerpt":"Impressum Offenlegungspflicht gem\u00e4\u00df \u00a725 \u00a0Mediengesetz | Disclosure &amp; Imprint according to \u00a7 25 Media Law Internet-Seiten des Forschungsbereiches Baugeschichte und Bauforschung\u00a0\u00a0 \u00a0 Inhaber der Website: Technische Universit\u00e4t Wien &#8211; Institut f\u00fcr Kunstgeschichte, Bauforschung und Denkmalpflege. TU WienKarlsplatz 13 \/ 251-11040, Vienna, Austria \u00a0 Website of the Department of History of Architecture and Building Archaeology. Content&hellip;","_links":{"self":[{"href":"http:\/\/baugeschichte.tuwien.ac.at\/website\/wp-json\/wp\/v2\/pages\/605","targetHints":{"allow":["GET"]}}],"collection":[{"href":"http:\/\/baugeschichte.tuwien.ac.at\/website\/wp-json\/wp\/v2\/pages"}],"about":[{"href":"http:\/\/baugeschichte.tuwien.ac.at\/website\/wp-json\/wp\/v2\/types\/page"}],"author":[{"embeddable":true,"href":"http:\/\/baugeschichte.tuwien.ac.at\/website\/wp-json\/wp\/v2\/users\/1"}],"replies":[{"embeddable":true,"href":"http:\/\/baugeschichte.tuwien.ac.at\/website\/wp-json\/wp\/v2\/comments?post=605"}],"version-history":[{"count":0,"href":"http:\/\/baugeschichte.tuwien.ac.at\/website\/wp-json\/wp\/v2\/pages\/605\/revisions"}],"wp:attachment":[{"href":"http:\/\/baugeschichte.tuwien.ac.at\/website\/wp-json\/wp\/v2\/media?parent=605"}],"curies":[{"name":"wp","href":"https:\/\/api.w.org\/{rel}","templated":true}]}}