{"id":719,"date":"2020-11-09T15:52:49","date_gmt":"2020-11-09T15:52:49","guid":{"rendered":"http:\/\/baugeschichte.tuwien.ac.at\/website\/?page_id=719"},"modified":"2024-08-19T11:52:22","modified_gmt":"2024-08-19T09:52:22","slug":"schwerpunkte","status":"publish","type":"page","link":"http:\/\/baugeschichte.tuwien.ac.at\/website\/schwerpunkte\/","title":{"rendered":"Fokus"},"content":{"rendered":"\t\t<div data-elementor-type=\"wp-page\" data-elementor-id=\"719\" class=\"elementor elementor-719\" data-elementor-post-type=\"page\">\n\t\t\t\t\t\t<section class=\"elementor-section elementor-top-section elementor-element elementor-element-a0c0de6 animated-slow elementor-section-boxed elementor-section-height-default elementor-section-height-default elementor-invisible\" data-id=\"a0c0de6\" data-element_type=\"section\" data-e-type=\"section\" data-settings=\"{&quot;animation&quot;:&quot;fadeIn&quot;}\">\n\t\t\t\t\t\t<div class=\"elementor-container elementor-column-gap-default\">\n\t\t\t\t\t<div class=\"elementor-column elementor-col-100 elementor-top-column elementor-element elementor-element-82b14b5\" data-id=\"82b14b5\" data-element_type=\"column\" data-e-type=\"column\">\n\t\t\t<div class=\"elementor-widget-wrap elementor-element-populated\">\n\t\t\t\t\t\t<div class=\"elementor-element elementor-element-a42110d elementor-widget elementor-widget-heading\" data-id=\"a42110d\" data-element_type=\"widget\" data-e-type=\"widget\" data-widget_type=\"heading.default\">\n\t\t\t\t<div class=\"elementor-widget-container\">\n\t\t\t\t\t<h2 class=\"elementor-heading-title elementor-size-default\">Fokus in Forschung und Lehre<\/h2>\t\t\t\t<\/div>\n\t\t\t\t<\/div>\n\t\t\t\t<div class=\"elementor-element elementor-element-256fd25 elementor-widget elementor-widget-spacer\" data-id=\"256fd25\" data-element_type=\"widget\" data-e-type=\"widget\" data-widget_type=\"spacer.default\">\n\t\t\t\t<div class=\"elementor-widget-container\">\n\t\t\t\t\t\t\t<div class=\"elementor-spacer\">\n\t\t\t<div class=\"elementor-spacer-inner\"><\/div>\n\t\t<\/div>\n\t\t\t\t\t\t<\/div>\n\t\t\t\t<\/div>\n\t\t\t\t<div class=\"elementor-element elementor-element-e684d74 elementor-widget__width-inherit elementor-widget elementor-widget-text-editor\" data-id=\"e684d74\" data-element_type=\"widget\" data-e-type=\"widget\" data-widget_type=\"text-editor.default\">\n\t\t\t\t<div class=\"elementor-widget-container\">\n\t\t\t\t\t\t\t\t\t<p>Die Arbeitsbereiche der Mitglieder der Abteilung umfassen die Architekturgeschichte von der Antike bis zur Gegenwart im europ\u00e4ischen und au\u00dfereurop\u00e4ischen Raum. Dies schl\u00e4gt sich nicht nur in der breit gef\u00e4cherten Lehre, sondern auch in einer gro\u00dfen Zahl unterschiedlicher Forschungsprojekte und Kooperationen mit wissenschaftlichen Institutionen auf internationaler Ebene nieder. Im Rahmen dieser Forschungsprojekte \u2013 ganz im Sinn einer lebendigen \u201cForschung in der Lehre\u201d \u2013 wird auch Studierenden die M\u00f6glichkeit zur Teilnahme geboten. Sie k\u00f6nnen so schon w\u00e4hrend des Studiums einen Einblick in das wissenschaftliche Arbeiten von der komplexen Literaturrecherche \u00fcber die Feldforschung bis zu Auswertung und Ver\u00f6ffentlichung der Arbeiten gewinnen.<\/p>\t\t\t\t\t\t\t\t<\/div>\n\t\t\t\t<\/div>\n\t\t\t\t<div class=\"elementor-element elementor-element-a90e37b elementor-widget elementor-widget-spacer\" data-id=\"a90e37b\" data-element_type=\"widget\" data-e-type=\"widget\" data-widget_type=\"spacer.default\">\n\t\t\t\t<div class=\"elementor-widget-container\">\n\t\t\t\t\t\t\t<div class=\"elementor-spacer\">\n\t\t\t<div class=\"elementor-spacer-inner\"><\/div>\n\t\t<\/div>\n\t\t\t\t\t\t<\/div>\n\t\t\t\t<\/div>\n\t\t\t\t\t<\/div>\n\t\t<\/div>\n\t\t\t\t\t<\/div>\n\t\t<\/section>\n\t\t\t\t<section class=\"elementor-section elementor-top-section elementor-element elementor-element-afed5ae animated-slow elementor-section-boxed elementor-section-height-default elementor-section-height-default elementor-invisible\" data-id=\"afed5ae\" data-element_type=\"section\" data-e-type=\"section\" data-settings=\"{&quot;animation&quot;:&quot;fadeIn&quot;,&quot;animation_delay&quot;:50}\">\n\t\t\t\t\t\t<div class=\"elementor-container elementor-column-gap-wide\">\n\t\t\t\t\t<div class=\"elementor-column elementor-col-25 elementor-top-column elementor-element elementor-element-87974d9\" data-id=\"87974d9\" data-element_type=\"column\" data-e-type=\"column\">\n\t\t\t<div class=\"elementor-widget-wrap elementor-element-populated\">\n\t\t\t\t\t\t<div class=\"elementor-element elementor-element-02a01f9 elementor-widget elementor-widget-heading\" data-id=\"02a01f9\" data-element_type=\"widget\" data-e-type=\"widget\" data-widget_type=\"heading.default\">\n\t\t\t\t<div class=\"elementor-widget-container\">\n\t\t\t\t\t<h2 class=\"elementor-heading-title elementor-size-default\">\u00d6STERREICHISCHE BAUKULTUR<\/h2>\t\t\t\t<\/div>\n\t\t\t\t<\/div>\n\t\t\t\t<div class=\"elementor-element elementor-element-9db8277 elementor-widget elementor-widget-text-editor\" data-id=\"9db8277\" data-element_type=\"widget\" data-e-type=\"widget\" data-widget_type=\"text-editor.default\">\n\t\t\t\t<div class=\"elementor-widget-container\">\n\t\t\t\t\t\t\t\t\t<p style=\"text-align: center;\">Erfassung \u2013 Bewertung \u2013 Vermittlung<\/p>\n<p>Beheimatet mitten in der Weltkulturerbest\u00e4tte \u201cHistorisches Stadtzentrum Wien\u201d besch\u00e4ftigt sich der Forschungsbereich Baugeschichte :: Bauforschung mit den verschiedenen &nbsp;Epochen der \u00f6sterreichischen Architekturgeschichte. Neben den Einfl\u00fcssen der weit \u00fcber die heutigen politischen Grenzen \u00d6sterreichs reichenden Donaumonarchie wird Architektur in \u00d6sterreich von den mittelalterlichen Kirchen und Wehranlagen \u00fcber l\u00e4ndliche Hausforschung und Weinarchitektur bis hin zum Studentenheimbau des 21. Jahrhunderts als Teilbereiche der \u00f6sterreichischen Baukultur \u2013 mit wechselnden thematischen Schwerpunkten \u2013 wissenschaftlich dokumentiert und untersucht. In der In-Wert-Setzung und Vermittlung des architektonischen Erbes wird nicht zuletzt ein Beitrag zum Erhalt und zur Pflege der \u00f6sterreichischen Architektur- und Kulturlandschaft geleistet.<\/p>\t\t\t\t\t\t\t\t<\/div>\n\t\t\t\t<\/div>\n\t\t\t\t\t<\/div>\n\t\t<\/div>\n\t\t\t\t<div class=\"elementor-column elementor-col-25 elementor-top-column elementor-element elementor-element-b2eab8e\" data-id=\"b2eab8e\" data-element_type=\"column\" data-e-type=\"column\">\n\t\t\t<div class=\"elementor-widget-wrap elementor-element-populated\">\n\t\t\t\t\t\t<div class=\"elementor-element elementor-element-07042a2 elementor-widget elementor-widget-heading\" data-id=\"07042a2\" data-element_type=\"widget\" data-e-type=\"widget\" data-widget_type=\"heading.default\">\n\t\t\t\t<div class=\"elementor-widget-container\">\n\t\t\t\t\t<h2 class=\"elementor-heading-title elementor-size-default\">BAUTECHNIKGESCHICHTE<\/h2>\t\t\t\t<\/div>\n\t\t\t\t<\/div>\n\t\t\t\t<div class=\"elementor-element elementor-element-c3031ee elementor-widget elementor-widget-text-editor\" data-id=\"c3031ee\" data-element_type=\"widget\" data-e-type=\"widget\" data-widget_type=\"text-editor.default\">\n\t\t\t\t<div class=\"elementor-widget-container\">\n\t\t\t\t\t\t\t\t\t<p style=\"text-align: center;\">Material \u2013 Konstruktion \u2013 Logistik<\/p><p>Neben der Betrachtung von Konstruktion und Material sowie den Herstellungs- und Errichtungsprozessen steht hier die Inklusion von architektonischen und organisatorischen Aspekten wie Bautypologien, Gestaltungsprinzipien und funktionalen Zusammenh\u00e4ngen, aber auch Bauabl\u00e4ufe und Baustellenlogistik im Fokus der Untersuchungen. Erst in der Zusammenschau erm\u00f6glichen sie den n\u00f6tigen Erkenntnisgewinn \u00fcber Gesamtzusammenh\u00e4nge und Wirkungsmechanismen im baulichen Schaffen. Unter Synthese der Ergebnisse aus Bauaufnahme, Literatur, bautechnischem Verst\u00e4ndnis und nicht zuletzt aus experimentellen Untersuchungen l\u00e4sst sich die Genese von historischen Bauwerken auf einem m\u00f6glichst praxisbezogenen Pfad nachvollziehen.<\/p>\t\t\t\t\t\t\t\t<\/div>\n\t\t\t\t<\/div>\n\t\t\t\t\t<\/div>\n\t\t<\/div>\n\t\t\t\t<div class=\"elementor-column elementor-col-25 elementor-top-column elementor-element elementor-element-c7705d6\" data-id=\"c7705d6\" data-element_type=\"column\" data-e-type=\"column\">\n\t\t\t<div class=\"elementor-widget-wrap elementor-element-populated\">\n\t\t\t\t\t\t<div class=\"elementor-element elementor-element-0d498be elementor-widget elementor-widget-heading\" data-id=\"0d498be\" data-element_type=\"widget\" data-e-type=\"widget\" data-widget_type=\"heading.default\">\n\t\t\t\t<div class=\"elementor-widget-container\">\n\t\t\t\t\t<h2 class=\"elementor-heading-title elementor-size-default\">KULTURR\u00c4UME<\/h2>\t\t\t\t<\/div>\n\t\t\t\t<\/div>\n\t\t\t\t<div class=\"elementor-element elementor-element-512a813 elementor-widget elementor-widget-text-editor\" data-id=\"512a813\" data-element_type=\"widget\" data-e-type=\"widget\" data-widget_type=\"text-editor.default\">\n\t\t\t\t<div class=\"elementor-widget-container\">\n\t\t\t\t\t\t\t\t\t<p style=\"text-align: center;\">Architektur \u2013 Identit\u00e4t \u2013 Entwicklung<\/p><p>Im Vordergrund steht die Vielfalt der Betrachtungsweisen, weit hinausf\u00fchrend \u00fcber einen historisch-chronologischen Abriss. In diesem Sinne werden technologische sowie soziokulturelle Aspekte und deren Einfluss auf architektonische Entwicklungen im Wandel der Zeit erforscht. Im Rahmen von Exkursionen wird der direkte Kontakt zu verschiedenen Baukulturen hergestellt und somit der theoretische Diskurs in der Praxis unmittelbar fassbar gemacht. Der Fokus liegt nicht allein auf Architektur als kulturelles Erbe, sondern versteht sie weiter als Ausdruck politischer Tendenzen und Tr\u00e4ger von Identit\u00e4t. Der Wandel von Kulturlandschaften wird hierbei sowohl unter Betrachtung repr\u00e4sentativer Bauten und vernakul\u00e4rer Architektur erforscht. Das ad\u00e4quate Reagieren auf die Konsequenzen f\u00fcr Architektur und (Siedlungs-)Landschaft stellt ein verantwortungsvolles Forschungsthema dar.<\/p>\t\t\t\t\t\t\t\t<\/div>\n\t\t\t\t<\/div>\n\t\t\t\t\t<\/div>\n\t\t<\/div>\n\t\t\t\t<div class=\"elementor-column elementor-col-25 elementor-top-column elementor-element elementor-element-01d48b6\" data-id=\"01d48b6\" data-element_type=\"column\" data-e-type=\"column\">\n\t\t\t<div class=\"elementor-widget-wrap elementor-element-populated\">\n\t\t\t\t\t\t<div class=\"elementor-element elementor-element-4fe39b6 elementor-widget elementor-widget-heading\" data-id=\"4fe39b6\" data-element_type=\"widget\" data-e-type=\"widget\" data-widget_type=\"heading.default\">\n\t\t\t\t<div class=\"elementor-widget-container\">\n\t\t\t\t\t<h2 class=\"elementor-heading-title elementor-size-default\">BAUAUFNAHME\n<\/h2>\t\t\t\t<\/div>\n\t\t\t\t<\/div>\n\t\t\t\t<div class=\"elementor-element elementor-element-ec8fb14 elementor-widget elementor-widget-text-editor\" data-id=\"ec8fb14\" data-element_type=\"widget\" data-e-type=\"widget\" data-widget_type=\"text-editor.default\">\n\t\t\t\t<div class=\"elementor-widget-container\">\n\t\t\t\t\t\t\t\t\t<article id=\"post-9\" class=\"post-9 page type-page status-publish hentry\"><div class=\"entry-content\"><p style=\"text-align: center;\">Analyse \u2013 Prozesse \u2013 Integration<\/p><p>Als Basis f\u00fcr jegliche Arbeit im historischen Kontext dient eine gesamtheitliche Erfassung des Objekts und seiner Umgebung durch Dokumentation und Analyse vor Ort. Neben der Anwendung der verschiedenen Methoden der Bauaufnahme von Handaufma\u00df bis Hightech wird kontinuierlich an der Weiterentwicklung der Abl\u00e4ufe auf Basis von Erfahrungen aus erster Hand gearbeitet. Ziel ist die Einbindung der individuellen Werkzeuge in ein umfassendes Dokumentationsschema als Basis f\u00fcr weiterf\u00fchrende wissenschaftliche Forschungen sowie l\u00f6sungsorientiertes und bestandskonformes Arbeiten im Bereich der Denkmalpflege und Bausanierung. Die Einbindung der Bauaufnahme in die Lehre erlaubt den Studierenden einen direkten Zugang zum Objekt sowie eine unmittelbare Auseinandersetzung mit der historischen Substanz.<\/p><\/div><\/article><aside id=\"page-bottom\" class=\"page-bottom aside\" role=\"complementary\"><div class=\"inner xoxo\">\u00a0<\/div><\/aside>\t\t\t\t\t\t\t\t<\/div>\n\t\t\t\t<\/div>\n\t\t\t\t\t<\/div>\n\t\t<\/div>\n\t\t\t\t\t<\/div>\n\t\t<\/section>\n\t\t\t\t<\/div>\n\t\t","protected":false},"excerpt":{"rendered":"<p>Fokus in Forschung und Lehre Die Arbeitsbereiche der Mitglieder der Abteilung umfassen die Architekturgeschichte von der Antike bis zur Gegenwart im europ\u00e4ischen und au\u00dfereurop\u00e4ischen Raum. Dies schl\u00e4gt sich nicht nur in der breit gef\u00e4cherten Lehre, sondern auch in einer gro\u00dfen Zahl unterschiedlicher Forschungsprojekte und Kooperationen mit wissenschaftlichen Institutionen auf internationaler Ebene nieder. Im Rahmen dieser [&hellip;]<\/p>\n","protected":false},"author":1,"featured_media":0,"parent":0,"menu_order":0,"comment_status":"closed","ping_status":"closed","template":"elementor_header_footer","meta":{"_acf_changed":false,"footnotes":""},"class_list":["post-719","page","type-page","status-publish","hentry"],"acf":[],"rttpg_featured_image_url":null,"rttpg_author":{"display_name":"admin","author_link":"http:\/\/baugeschichte.tuwien.ac.at\/website\/author\/admin\/"},"rttpg_comment":0,"rttpg_category":null,"rttpg_excerpt":"Fokus in Forschung und Lehre Die Arbeitsbereiche der Mitglieder der Abteilung umfassen die Architekturgeschichte von der Antike bis zur Gegenwart im europ\u00e4ischen und au\u00dfereurop\u00e4ischen Raum. Dies schl\u00e4gt sich nicht nur in der breit gef\u00e4cherten Lehre, sondern auch in einer gro\u00dfen Zahl unterschiedlicher Forschungsprojekte und Kooperationen mit wissenschaftlichen Institutionen auf internationaler Ebene nieder. Im Rahmen dieser&hellip;","_links":{"self":[{"href":"http:\/\/baugeschichte.tuwien.ac.at\/website\/wp-json\/wp\/v2\/pages\/719","targetHints":{"allow":["GET"]}}],"collection":[{"href":"http:\/\/baugeschichte.tuwien.ac.at\/website\/wp-json\/wp\/v2\/pages"}],"about":[{"href":"http:\/\/baugeschichte.tuwien.ac.at\/website\/wp-json\/wp\/v2\/types\/page"}],"author":[{"embeddable":true,"href":"http:\/\/baugeschichte.tuwien.ac.at\/website\/wp-json\/wp\/v2\/users\/1"}],"replies":[{"embeddable":true,"href":"http:\/\/baugeschichte.tuwien.ac.at\/website\/wp-json\/wp\/v2\/comments?post=719"}],"version-history":[{"count":0,"href":"http:\/\/baugeschichte.tuwien.ac.at\/website\/wp-json\/wp\/v2\/pages\/719\/revisions"}],"wp:attachment":[{"href":"http:\/\/baugeschichte.tuwien.ac.at\/website\/wp-json\/wp\/v2\/media?parent=719"}],"curies":[{"name":"wp","href":"https:\/\/api.w.org\/{rel}","templated":true}]}}