{"id":818,"date":"2020-11-10T18:25:48","date_gmt":"2020-11-10T17:25:48","guid":{"rendered":"http:\/\/baugeschichte.tuwien.ac.at\/website\/?page_id=818"},"modified":"2024-10-03T12:54:43","modified_gmt":"2024-10-03T10:54:43","slug":"siq","status":"publish","type":"page","link":"http:\/\/baugeschichte.tuwien.ac.at\/website\/institut\/siq\/","title":{"rendered":"[SIQ!]"},"content":{"rendered":"\t\t<div data-elementor-type=\"wp-page\" data-elementor-id=\"818\" class=\"elementor elementor-818\" data-elementor-post-type=\"page\">\n\t\t\t\t<div class=\"elementor-element elementor-element-85ba2d7 e-flex e-con-boxed e-con e-parent\" data-id=\"85ba2d7\" data-element_type=\"container\" data-e-type=\"container\">\n\t\t\t\t\t<div class=\"e-con-inner\">\n\t\t<div class=\"elementor-element elementor-element-9b891de e-con-full e-flex e-con e-child\" data-id=\"9b891de\" data-element_type=\"container\" data-e-type=\"container\">\n\t\t\t\t<div class=\"elementor-element elementor-element-e2e025f elementor-widget elementor-widget-heading\" data-id=\"e2e025f\" data-element_type=\"widget\" data-e-type=\"widget\" data-widget_type=\"heading.default\">\n\t\t\t\t<div class=\"elementor-widget-container\">\n\t\t\t\t\t<h2 class=\"elementor-heading-title elementor-size-default\">Studienintegrierte Qualifikation [SIQ!] Bauforschung.Denkmalpflege.Baupraxis im Bestand<\/h2>\t\t\t\t<\/div>\n\t\t\t\t<\/div>\n\t\t\t\t<div class=\"elementor-element elementor-element-52779c5 elementor-widget elementor-widget-spacer\" data-id=\"52779c5\" data-element_type=\"widget\" data-e-type=\"widget\" data-widget_type=\"spacer.default\">\n\t\t\t\t<div class=\"elementor-widget-container\">\n\t\t\t\t\t\t\t<div class=\"elementor-spacer\">\n\t\t\t<div class=\"elementor-spacer-inner\"><\/div>\n\t\t<\/div>\n\t\t\t\t\t\t<\/div>\n\t\t\t\t<\/div>\n\t\t\t\t<\/div>\n\t\t\t\t\t<\/div>\n\t\t\t\t<\/div>\n\t\t<div class=\"elementor-element elementor-element-0c99ae0 e-flex e-con-boxed e-con e-parent\" data-id=\"0c99ae0\" data-element_type=\"container\" data-e-type=\"container\">\n\t\t\t\t\t<div class=\"e-con-inner\">\n\t\t<div class=\"elementor-element elementor-element-896ec4a e-con-full e-flex e-con e-child\" data-id=\"896ec4a\" data-element_type=\"container\" data-e-type=\"container\">\n\t\t\t\t<div class=\"elementor-element elementor-element-930bac2 elementor-widget elementor-widget-image\" data-id=\"930bac2\" data-element_type=\"widget\" data-e-type=\"widget\" data-widget_type=\"image.default\">\n\t\t\t\t<div class=\"elementor-widget-container\">\n\t\t\t\t\t\t\t\t\t\t\t\t\t\t\t<img fetchpriority=\"high\" decoding=\"async\" width=\"1024\" height=\"379\" src=\"http:\/\/baugeschichte.tuwien.ac.at\/website\/wp-content\/uploads\/2020\/11\/SIQ.jpg\" class=\"attachment-1536x1536 size-1536x1536 wp-image-821\" alt=\"\" srcset=\"http:\/\/baugeschichte.tuwien.ac.at\/website\/wp-content\/uploads\/2020\/11\/SIQ.jpg 1024w, http:\/\/baugeschichte.tuwien.ac.at\/website\/wp-content\/uploads\/2020\/11\/SIQ-300x111.jpg 300w, http:\/\/baugeschichte.tuwien.ac.at\/website\/wp-content\/uploads\/2020\/11\/SIQ-768x284.jpg 768w\" sizes=\"(max-width: 1024px) 100vw, 1024px\" \/>\t\t\t\t\t\t\t\t\t\t\t\t\t\t\t<\/div>\n\t\t\t\t<\/div>\n\t\t\t\t<\/div>\n\t\t\t\t\t<\/div>\n\t\t\t\t<\/div>\n\t\t<div class=\"elementor-element elementor-element-1a7da80 e-flex e-con-boxed e-con e-parent\" data-id=\"1a7da80\" data-element_type=\"container\" data-e-type=\"container\">\n\t\t\t\t\t<div class=\"e-con-inner\">\n\t\t<div class=\"elementor-element elementor-element-ae6a984 e-con-full e-flex e-con e-child\" data-id=\"ae6a984\" data-element_type=\"container\" data-e-type=\"container\">\n\t\t<div class=\"elementor-element elementor-element-670ff7a e-con-full e-flex e-con e-child\" data-id=\"670ff7a\" data-element_type=\"container\" data-e-type=\"container\">\n\t\t<div class=\"elementor-element elementor-element-f057e07 e-con-full e-flex e-con e-child\" data-id=\"f057e07\" data-element_type=\"container\" data-e-type=\"container\">\n\t\t\t\t<div class=\"elementor-element elementor-element-433187a elementor-widget elementor-widget-text-editor\" data-id=\"433187a\" data-element_type=\"widget\" data-e-type=\"widget\" data-widget_type=\"text-editor.default\">\n\t\t\t\t<div class=\"elementor-widget-container\">\n\t\t\t\t\t\t\t\t\t<p>Die Studienintegrierte Qualifikation [SiQ!] Bauforschung.Denkmalpflege bietet eine vertiefende Ausbildung f\u00fcr Studierende mit besonderem Interesse in den Bereichen Historische Bauforschung, Denkmalpflege, Baudokumentation und -analyse sowie Planen und Bauen im historischen Bestand. Durch die vorrangige Belegung von disziplingebundenen Lehrveranstaltungen im Umfang von 80 ECTS des Masterstudiums Architektur qualifizieren sich Studierende f\u00fcr die Eintragung ihrer besonderen Qualifikation in den Diploma Supplements des Abschlusszeugnisses. Als Spezialisierung innerhalb des Regelstudiums bedarf es keiner zus\u00e4tzlichen Anmeldung und keiner zus\u00e4tzlichen Studiengeb\u00fchren. Absolventinnen und Absolventen bef\u00e4higen sich gleichbleibend zum regul\u00e4ren Masterstudium Architektur auch f\u00fcr die Zulassung zu einer Ziviltechnikerpr\u00fcfung.<\/p>\t\t\t\t\t\t\t\t<\/div>\n\t\t\t\t<\/div>\n\t\t\t\t<\/div>\n\t\t\t\t<\/div>\n\t\t\t\t<div class=\"elementor-element elementor-element-b735e00 elementor-widget elementor-widget-spacer\" data-id=\"b735e00\" data-element_type=\"widget\" data-e-type=\"widget\" data-widget_type=\"spacer.default\">\n\t\t\t\t<div class=\"elementor-widget-container\">\n\t\t\t\t\t\t\t<div class=\"elementor-spacer\">\n\t\t\t<div class=\"elementor-spacer-inner\"><\/div>\n\t\t<\/div>\n\t\t\t\t\t\t<\/div>\n\t\t\t\t<\/div>\n\t\t\t\t<\/div>\n\t\t\t\t\t<\/div>\n\t\t\t\t<\/div>\n\t\t<div class=\"elementor-element elementor-element-0b1c07f e-flex e-con-boxed e-con e-parent\" data-id=\"0b1c07f\" data-element_type=\"container\" data-e-type=\"container\">\n\t\t\t\t\t<div class=\"e-con-inner\">\n\t\t<div class=\"elementor-element elementor-element-2221053 e-con-full e-flex e-con e-child\" data-id=\"2221053\" data-element_type=\"container\" data-e-type=\"container\">\n\t\t\t\t<div class=\"elementor-element elementor-element-8224855 elementor-widget elementor-widget-heading\" data-id=\"8224855\" data-element_type=\"widget\" data-e-type=\"widget\" data-widget_type=\"heading.default\">\n\t\t\t\t<div class=\"elementor-widget-container\">\n\t\t\t\t\t<h2 class=\"elementor-heading-title elementor-size-default\">5 Gr\u00fcnde f\u00fcr [SIQ!]<\/h2>\t\t\t\t<\/div>\n\t\t\t\t<\/div>\n\t\t\t\t<div class=\"elementor-element elementor-element-366a3d2 elementor-widget elementor-widget-spacer\" data-id=\"366a3d2\" data-element_type=\"widget\" data-e-type=\"widget\" data-widget_type=\"spacer.default\">\n\t\t\t\t<div class=\"elementor-widget-container\">\n\t\t\t\t\t\t\t<div class=\"elementor-spacer\">\n\t\t\t<div class=\"elementor-spacer-inner\"><\/div>\n\t\t<\/div>\n\t\t\t\t\t\t<\/div>\n\t\t\t\t<\/div>\n\t\t\t\t<\/div>\n\t\t\t\t\t<\/div>\n\t\t\t\t<\/div>\n\t\t<div class=\"elementor-element elementor-element-7d2d0f9 e-flex e-con-boxed e-con e-parent\" data-id=\"7d2d0f9\" data-element_type=\"container\" data-e-type=\"container\">\n\t\t\t\t\t<div class=\"e-con-inner\">\n\t\t<div class=\"elementor-element elementor-element-3b3176e e-con-full e-flex e-con e-child\" data-id=\"3b3176e\" data-element_type=\"container\" data-e-type=\"container\">\n\t\t\t\t<div class=\"elementor-element elementor-element-5842643 elementor-widget elementor-widget-image\" data-id=\"5842643\" data-element_type=\"widget\" data-e-type=\"widget\" data-widget_type=\"image.default\">\n\t\t\t\t<div class=\"elementor-widget-container\">\n\t\t\t\t\t\t\t\t\t\t\t\t\t\t\t<img decoding=\"async\" width=\"800\" height=\"800\" src=\"http:\/\/baugeschichte.tuwien.ac.at\/website\/wp-content\/uploads\/2022\/06\/Element-1@4x-100-1024x1024.jpg\" class=\"attachment-large size-large wp-image-4943\" alt=\"\" srcset=\"http:\/\/baugeschichte.tuwien.ac.at\/website\/wp-content\/uploads\/2022\/06\/Element-1@4x-100-1024x1024.jpg 1024w, http:\/\/baugeschichte.tuwien.ac.at\/website\/wp-content\/uploads\/2022\/06\/Element-1@4x-100-300x300.jpg 300w, http:\/\/baugeschichte.tuwien.ac.at\/website\/wp-content\/uploads\/2022\/06\/Element-1@4x-100-150x150.jpg 150w, http:\/\/baugeschichte.tuwien.ac.at\/website\/wp-content\/uploads\/2022\/06\/Element-1@4x-100-768x768.jpg 768w, http:\/\/baugeschichte.tuwien.ac.at\/website\/wp-content\/uploads\/2022\/06\/Element-1@4x-100-700x700.jpg 700w, http:\/\/baugeschichte.tuwien.ac.at\/website\/wp-content\/uploads\/2022\/06\/Element-1@4x-100.jpg 1289w\" sizes=\"(max-width: 800px) 100vw, 800px\" \/>\t\t\t\t\t\t\t\t\t\t\t\t\t\t\t<\/div>\n\t\t\t\t<\/div>\n\t\t\t\t<\/div>\n\t\t<div class=\"elementor-element elementor-element-3542eca e-con-full e-flex e-con e-child\" data-id=\"3542eca\" data-element_type=\"container\" data-e-type=\"container\">\n\t\t\t\t<div class=\"elementor-element elementor-element-dbc6556 elementor-widget elementor-widget-image\" data-id=\"dbc6556\" data-element_type=\"widget\" data-e-type=\"widget\" data-widget_type=\"image.default\">\n\t\t\t\t<div class=\"elementor-widget-container\">\n\t\t\t\t\t\t\t\t\t\t\t\t\t\t\t<img decoding=\"async\" width=\"800\" height=\"800\" src=\"http:\/\/baugeschichte.tuwien.ac.at\/website\/wp-content\/uploads\/2022\/06\/Element-2@4x-100-1024x1024.jpg\" class=\"attachment-large size-large wp-image-4939\" alt=\"\" srcset=\"http:\/\/baugeschichte.tuwien.ac.at\/website\/wp-content\/uploads\/2022\/06\/Element-2@4x-100-1024x1024.jpg 1024w, http:\/\/baugeschichte.tuwien.ac.at\/website\/wp-content\/uploads\/2022\/06\/Element-2@4x-100-300x300.jpg 300w, http:\/\/baugeschichte.tuwien.ac.at\/website\/wp-content\/uploads\/2022\/06\/Element-2@4x-100-150x150.jpg 150w, http:\/\/baugeschichte.tuwien.ac.at\/website\/wp-content\/uploads\/2022\/06\/Element-2@4x-100-768x768.jpg 768w, http:\/\/baugeschichte.tuwien.ac.at\/website\/wp-content\/uploads\/2022\/06\/Element-2@4x-100-700x700.jpg 700w, http:\/\/baugeschichte.tuwien.ac.at\/website\/wp-content\/uploads\/2022\/06\/Element-2@4x-100.jpg 1289w\" sizes=\"(max-width: 800px) 100vw, 800px\" \/>\t\t\t\t\t\t\t\t\t\t\t\t\t\t\t<\/div>\n\t\t\t\t<\/div>\n\t\t\t\t<\/div>\n\t\t<div class=\"elementor-element elementor-element-f9f6520 e-con-full e-flex e-con e-child\" data-id=\"f9f6520\" data-element_type=\"container\" data-e-type=\"container\">\n\t\t\t\t<div class=\"elementor-element elementor-element-ab61f5c elementor-widget elementor-widget-image\" data-id=\"ab61f5c\" data-element_type=\"widget\" data-e-type=\"widget\" data-widget_type=\"image.default\">\n\t\t\t\t<div class=\"elementor-widget-container\">\n\t\t\t\t\t\t\t\t\t\t\t\t\t\t\t<img loading=\"lazy\" decoding=\"async\" width=\"800\" height=\"800\" src=\"http:\/\/baugeschichte.tuwien.ac.at\/website\/wp-content\/uploads\/2022\/06\/Element-3@4x-100-1024x1024.jpg\" class=\"attachment-large size-large wp-image-4940\" alt=\"\" srcset=\"http:\/\/baugeschichte.tuwien.ac.at\/website\/wp-content\/uploads\/2022\/06\/Element-3@4x-100-1024x1024.jpg 1024w, http:\/\/baugeschichte.tuwien.ac.at\/website\/wp-content\/uploads\/2022\/06\/Element-3@4x-100-300x300.jpg 300w, http:\/\/baugeschichte.tuwien.ac.at\/website\/wp-content\/uploads\/2022\/06\/Element-3@4x-100-150x150.jpg 150w, http:\/\/baugeschichte.tuwien.ac.at\/website\/wp-content\/uploads\/2022\/06\/Element-3@4x-100-768x768.jpg 768w, http:\/\/baugeschichte.tuwien.ac.at\/website\/wp-content\/uploads\/2022\/06\/Element-3@4x-100-700x700.jpg 700w, http:\/\/baugeschichte.tuwien.ac.at\/website\/wp-content\/uploads\/2022\/06\/Element-3@4x-100.jpg 1289w\" sizes=\"(max-width: 800px) 100vw, 800px\" \/>\t\t\t\t\t\t\t\t\t\t\t\t\t\t\t<\/div>\n\t\t\t\t<\/div>\n\t\t\t\t<\/div>\n\t\t<div class=\"elementor-element elementor-element-e097dd6 e-con-full e-flex e-con e-child\" data-id=\"e097dd6\" data-element_type=\"container\" data-e-type=\"container\">\n\t\t\t\t<div class=\"elementor-element elementor-element-17b204b elementor-widget elementor-widget-image\" data-id=\"17b204b\" data-element_type=\"widget\" data-e-type=\"widget\" data-widget_type=\"image.default\">\n\t\t\t\t<div class=\"elementor-widget-container\">\n\t\t\t\t\t\t\t\t\t\t\t\t\t\t\t<img loading=\"lazy\" decoding=\"async\" width=\"800\" height=\"800\" src=\"http:\/\/baugeschichte.tuwien.ac.at\/website\/wp-content\/uploads\/2024\/08\/2024_Element-1@4x-100-1024x1024.jpg\" class=\"attachment-large size-large wp-image-10746\" alt=\"\" srcset=\"http:\/\/baugeschichte.tuwien.ac.at\/website\/wp-content\/uploads\/2024\/08\/2024_Element-1@4x-100-1024x1024.jpg 1024w, http:\/\/baugeschichte.tuwien.ac.at\/website\/wp-content\/uploads\/2024\/08\/2024_Element-1@4x-100-300x300.jpg 300w, http:\/\/baugeschichte.tuwien.ac.at\/website\/wp-content\/uploads\/2024\/08\/2024_Element-1@4x-100-150x150.jpg 150w, http:\/\/baugeschichte.tuwien.ac.at\/website\/wp-content\/uploads\/2024\/08\/2024_Element-1@4x-100-768x768.jpg 768w, http:\/\/baugeschichte.tuwien.ac.at\/website\/wp-content\/uploads\/2024\/08\/2024_Element-1@4x-100-50x50.jpg 50w, http:\/\/baugeschichte.tuwien.ac.at\/website\/wp-content\/uploads\/2024\/08\/2024_Element-1@4x-100-700x700.jpg 700w, http:\/\/baugeschichte.tuwien.ac.at\/website\/wp-content\/uploads\/2024\/08\/2024_Element-1@4x-100.jpg 1289w\" sizes=\"(max-width: 800px) 100vw, 800px\" \/>\t\t\t\t\t\t\t\t\t\t\t\t\t\t\t<\/div>\n\t\t\t\t<\/div>\n\t\t\t\t<\/div>\n\t\t<div class=\"elementor-element elementor-element-e0a7ea2 e-con-full e-flex e-con e-child\" data-id=\"e0a7ea2\" data-element_type=\"container\" data-e-type=\"container\">\n\t\t\t\t<div class=\"elementor-element elementor-element-b1ec208 elementor-widget elementor-widget-image\" data-id=\"b1ec208\" data-element_type=\"widget\" data-e-type=\"widget\" data-widget_type=\"image.default\">\n\t\t\t\t<div class=\"elementor-widget-container\">\n\t\t\t\t\t\t\t\t\t\t\t\t\t\t\t<img loading=\"lazy\" decoding=\"async\" width=\"800\" height=\"800\" src=\"http:\/\/baugeschichte.tuwien.ac.at\/website\/wp-content\/uploads\/2024\/08\/Element-1@5x-100-1024x1024.jpg\" class=\"attachment-large size-large wp-image-10747\" alt=\"\" srcset=\"http:\/\/baugeschichte.tuwien.ac.at\/website\/wp-content\/uploads\/2024\/08\/Element-1@5x-100-1024x1024.jpg 1024w, http:\/\/baugeschichte.tuwien.ac.at\/website\/wp-content\/uploads\/2024\/08\/Element-1@5x-100-300x300.jpg 300w, http:\/\/baugeschichte.tuwien.ac.at\/website\/wp-content\/uploads\/2024\/08\/Element-1@5x-100-150x150.jpg 150w, http:\/\/baugeschichte.tuwien.ac.at\/website\/wp-content\/uploads\/2024\/08\/Element-1@5x-100-768x768.jpg 768w, http:\/\/baugeschichte.tuwien.ac.at\/website\/wp-content\/uploads\/2024\/08\/Element-1@5x-100-50x50.jpg 50w, http:\/\/baugeschichte.tuwien.ac.at\/website\/wp-content\/uploads\/2024\/08\/Element-1@5x-100-700x700.jpg 700w, http:\/\/baugeschichte.tuwien.ac.at\/website\/wp-content\/uploads\/2024\/08\/Element-1@5x-100.jpg 1289w\" sizes=\"(max-width: 800px) 100vw, 800px\" \/>\t\t\t\t\t\t\t\t\t\t\t\t\t\t\t<\/div>\n\t\t\t\t<\/div>\n\t\t\t\t<\/div>\n\t\t\t\t\t<\/div>\n\t\t\t\t<\/div>\n\t\t<div class=\"elementor-element elementor-element-c580512 e-flex e-con-boxed e-con e-parent\" data-id=\"c580512\" data-element_type=\"container\" data-e-type=\"container\">\n\t\t\t\t\t<div class=\"e-con-inner\">\n\t\t<div class=\"elementor-element elementor-element-8667efe e-con-full e-flex e-con e-child\" data-id=\"8667efe\" data-element_type=\"container\" data-e-type=\"container\">\n\t\t\t\t<div class=\"elementor-element elementor-element-6a68b25 elementor-widget elementor-widget-spacer\" data-id=\"6a68b25\" data-element_type=\"widget\" data-e-type=\"widget\" data-widget_type=\"spacer.default\">\n\t\t\t\t<div class=\"elementor-widget-container\">\n\t\t\t\t\t\t\t<div class=\"elementor-spacer\">\n\t\t\t<div class=\"elementor-spacer-inner\"><\/div>\n\t\t<\/div>\n\t\t\t\t\t\t<\/div>\n\t\t\t\t<\/div>\n\t\t\t\t<\/div>\n\t\t\t\t\t<\/div>\n\t\t\t\t<\/div>\n\t\t<div class=\"elementor-element elementor-element-3734f6b e-flex e-con-boxed e-con e-parent\" data-id=\"3734f6b\" data-element_type=\"container\" data-e-type=\"container\">\n\t\t\t\t\t<div class=\"e-con-inner\">\n\t\t<div class=\"elementor-element elementor-element-9e1c26c e-con-full e-flex e-con e-child\" data-id=\"9e1c26c\" data-element_type=\"container\" data-e-type=\"container\">\n\t\t\t\t<div class=\"elementor-element elementor-element-a370421 elementor-widget elementor-widget-spacer\" data-id=\"a370421\" data-element_type=\"widget\" data-e-type=\"widget\" data-widget_type=\"spacer.default\">\n\t\t\t\t<div class=\"elementor-widget-container\">\n\t\t\t\t\t\t\t<div class=\"elementor-spacer\">\n\t\t\t<div class=\"elementor-spacer-inner\"><\/div>\n\t\t<\/div>\n\t\t\t\t\t\t<\/div>\n\t\t\t\t<\/div>\n\t\t\t\t<div class=\"elementor-element elementor-element-e8147ba elementor-widget elementor-widget-heading\" data-id=\"e8147ba\" data-element_type=\"widget\" data-e-type=\"widget\" data-widget_type=\"heading.default\">\n\t\t\t\t<div class=\"elementor-widget-container\">\n\t\t\t\t\t<h2 class=\"elementor-heading-title elementor-size-default\">Inhalt<\/h2>\t\t\t\t<\/div>\n\t\t\t\t<\/div>\n\t\t<div class=\"elementor-element elementor-element-be27d9e e-con-full e-flex e-con e-child\" data-id=\"be27d9e\" data-element_type=\"container\" data-e-type=\"container\">\n\t\t<div class=\"elementor-element elementor-element-a83aebf e-con-full e-flex e-con e-child\" data-id=\"a83aebf\" data-element_type=\"container\" data-e-type=\"container\">\n\t\t\t\t<div class=\"elementor-element elementor-element-db408f9 elementor-widget elementor-widget-text-editor\" data-id=\"db408f9\" data-element_type=\"widget\" data-e-type=\"widget\" data-widget_type=\"text-editor.default\">\n\t\t\t\t<div class=\"elementor-widget-container\">\n\t\t\t\t\t\t\t\t\t<p>Den Kern von [SIQ!] Bauforschung.Denkmalpflege stellen die zwei Module \u201cBaugeschichte und Bauforschung\u201d sowie \u201cDenkmalpflege und Ma\u00dfnahmen am Denkmal\u201d dar. Als B\u00fcndelung von theoretischen und praktischen Lehrveranstaltungen bieten sie eine zentrale Plattform zur Vermittlung fachspezifischer Inhalte. Das Modul Baugeschichte Bauforschung besch\u00e4ftigt sich mit der Erforschung von gestalterischen Ideen als auch deren technische Umsetzung. Spezifische L\u00f6sungen werden als Reaktionen auf den kulturellen und gesellschaftlichen Kontext kritisch diskutiert und bewertet. Je nach Bauaufgabe werden Faktoren wie Funktionalit\u00e4t, Nutzungsqualit\u00e4ten, gestalterische Koh\u00e4renz usw. evaluiert. Begleitet von Vorlesungen zur Bautechnikgeschichte werden Konstruktionen auf ihre Bedeutung f\u00fcr Bauabl\u00e4ufe, Materialbeschaffung und -herstellung sowie Baustellenlogistik analysiert. Themen des Moduls sind au\u00dferdem die Methoden der Bauforschung und ihre Bedeutung f\u00fcr initiale T\u00e4tigkeiten (Gutachten, Dokumentation, historische Bewertung, Koordination) im Zuge von Planung und Umsetzung (Sicherung, Konservierung, Umnutzung, Umbau, Sanierung, Restaurierung, Rekonstruktion) als auch f\u00fcr die wissenschaftliche Betrachtung von Architektur. Ziel des Moduls Denkmalpflege ist es, wichtige Spezialkenntnisse zu vermitteln, welche Architekten f\u00fcr eine T\u00e4tigkeit im denkmalpflegerischen Umfeld qualifizieren. Das Modul behandelt neben theoretischen Aspekten der Denkmalpflege, wie Grunds\u00e4tze, Charten und rechtliche Rahmenbedingungen, Denkmalwerte und Geschichte der Denkmalpflege, auch die Erarbeitung aktueller Forschungsthemen und die Einbindung der Denkmalpflege in interdisziplin\u00e4re Anforderungen. Anhand vorgegebener Szenarien werden reale Verh\u00e4ltnisse, Archiv- und Feldarbeit und die Auseinandersetzung mit Denkmalen vor Ort in die praktische Arbeit integriert und durch Erarbeitung denkmalpflegerischer Gutachten und Entwicklung hilfreicher Leitgedanken f\u00fcr den Umgang mit Geb\u00e4uden der Nachkriegsarchitektur, in die Praxis umgesetzt. Im Rahmen von Entwurfs\u00fcbungen wird die Anwendung der in beiden Modulen vermittelten Grunds\u00e4tze am konkreten Fallbeispiel ge\u00fcbt. Die Entwicklung von Strategien zum Umgang mit vorhandener Substanz, deren gestalterische Ausformung als auch die Vermittlung des Gesamtkonzepts stellen hierbei wesentliche Inhalte dar. Freie Wahlf\u00e4cher vermitteln erg\u00e4nzende Inhalte und Vertiefungen zu den behandelten Thematiken. Aufbau [SIQ!]<\/p>\t\t\t\t\t\t\t\t<\/div>\n\t\t\t\t<\/div>\n\t\t\t\t<\/div>\n\t\t\t\t<\/div>\n\t\t\t\t<\/div>\n\t\t\t\t\t<\/div>\n\t\t\t\t<\/div>\n\t\t<div class=\"elementor-element elementor-element-c7dfe36 e-flex e-con-boxed e-con e-parent\" data-id=\"c7dfe36\" data-element_type=\"container\" data-e-type=\"container\">\n\t\t\t\t\t<div class=\"e-con-inner\">\n\t\t<div class=\"elementor-element elementor-element-cc5575a e-con-full e-flex e-con e-child\" data-id=\"cc5575a\" data-element_type=\"container\" data-e-type=\"container\">\n\t\t\t\t<div class=\"elementor-element elementor-element-cabf5b8 elementor-widget elementor-widget-spacer\" data-id=\"cabf5b8\" data-element_type=\"widget\" data-e-type=\"widget\" data-widget_type=\"spacer.default\">\n\t\t\t\t<div class=\"elementor-widget-container\">\n\t\t\t\t\t\t\t<div class=\"elementor-spacer\">\n\t\t\t<div class=\"elementor-spacer-inner\"><\/div>\n\t\t<\/div>\n\t\t\t\t\t\t<\/div>\n\t\t\t\t<\/div>\n\t\t\t\t<div class=\"elementor-element elementor-element-4c51c09 elementor-widget elementor-widget-heading\" data-id=\"4c51c09\" data-element_type=\"widget\" data-e-type=\"widget\" data-widget_type=\"heading.default\">\n\t\t\t\t<div class=\"elementor-widget-container\">\n\t\t\t\t\t<h2 class=\"elementor-heading-title elementor-size-default\">Aufbau<\/h2>\t\t\t\t<\/div>\n\t\t\t\t<\/div>\n\t\t\t\t<div class=\"elementor-element elementor-element-7c6759f elementor-widget elementor-widget-spacer\" data-id=\"7c6759f\" data-element_type=\"widget\" data-e-type=\"widget\" data-widget_type=\"spacer.default\">\n\t\t\t\t<div class=\"elementor-widget-container\">\n\t\t\t\t\t\t\t<div class=\"elementor-spacer\">\n\t\t\t<div class=\"elementor-spacer-inner\"><\/div>\n\t\t<\/div>\n\t\t\t\t\t\t<\/div>\n\t\t\t\t<\/div>\n\t\t\t\t<div class=\"elementor-element elementor-element-a16ddf2 elementor-widget elementor-widget-image\" data-id=\"a16ddf2\" data-element_type=\"widget\" data-e-type=\"widget\" data-widget_type=\"image.default\">\n\t\t\t\t<div class=\"elementor-widget-container\">\n\t\t\t\t\t\t\t\t\t\t\t\t\t\t\t<img loading=\"lazy\" decoding=\"async\" width=\"2560\" height=\"1319\" src=\"http:\/\/baugeschichte.tuwien.ac.at\/website\/wp-content\/uploads\/2024\/10\/20241003_Grafik-Anteile-LVA_SIQ-2-scaled.jpg\" class=\"attachment-full size-full wp-image-11029\" alt=\"\" srcset=\"http:\/\/baugeschichte.tuwien.ac.at\/website\/wp-content\/uploads\/2024\/10\/20241003_Grafik-Anteile-LVA_SIQ-2-scaled.jpg 2560w, http:\/\/baugeschichte.tuwien.ac.at\/website\/wp-content\/uploads\/2024\/10\/20241003_Grafik-Anteile-LVA_SIQ-2-300x155.jpg 300w, http:\/\/baugeschichte.tuwien.ac.at\/website\/wp-content\/uploads\/2024\/10\/20241003_Grafik-Anteile-LVA_SIQ-2-1024x528.jpg 1024w, http:\/\/baugeschichte.tuwien.ac.at\/website\/wp-content\/uploads\/2024\/10\/20241003_Grafik-Anteile-LVA_SIQ-2-768x396.jpg 768w, http:\/\/baugeschichte.tuwien.ac.at\/website\/wp-content\/uploads\/2024\/10\/20241003_Grafik-Anteile-LVA_SIQ-2-50x26.jpg 50w, http:\/\/baugeschichte.tuwien.ac.at\/website\/wp-content\/uploads\/2024\/10\/20241003_Grafik-Anteile-LVA_SIQ-2-1600x824.jpg 1600w, http:\/\/baugeschichte.tuwien.ac.at\/website\/wp-content\/uploads\/2024\/10\/20241003_Grafik-Anteile-LVA_SIQ-2-1536x791.jpg 1536w, http:\/\/baugeschichte.tuwien.ac.at\/website\/wp-content\/uploads\/2024\/10\/20241003_Grafik-Anteile-LVA_SIQ-2-2048x1055.jpg 2048w, http:\/\/baugeschichte.tuwien.ac.at\/website\/wp-content\/uploads\/2024\/10\/20241003_Grafik-Anteile-LVA_SIQ-2-18x9.jpg 18w\" sizes=\"(max-width: 2560px) 100vw, 2560px\" \/>\t\t\t\t\t\t\t\t\t\t\t\t\t\t\t<\/div>\n\t\t\t\t<\/div>\n\t\t\t\t<\/div>\n\t\t\t\t\t<\/div>\n\t\t\t\t<\/div>\n\t\t<div class=\"elementor-element elementor-element-a34452f e-flex e-con-boxed e-con e-parent\" data-id=\"a34452f\" data-element_type=\"container\" data-e-type=\"container\">\n\t\t\t\t\t<div class=\"e-con-inner\">\n\t\t<div class=\"elementor-element elementor-element-7b25daf e-con-full e-flex e-con e-child\" data-id=\"7b25daf\" data-element_type=\"container\" data-e-type=\"container\">\n\t\t\t\t<div class=\"elementor-element elementor-element-3bd13bc elementor-widget elementor-widget-spacer\" data-id=\"3bd13bc\" data-element_type=\"widget\" data-e-type=\"widget\" data-widget_type=\"spacer.default\">\n\t\t\t\t<div class=\"elementor-widget-container\">\n\t\t\t\t\t\t\t<div class=\"elementor-spacer\">\n\t\t\t<div class=\"elementor-spacer-inner\"><\/div>\n\t\t<\/div>\n\t\t\t\t\t\t<\/div>\n\t\t\t\t<\/div>\n\t\t\t\t<div class=\"elementor-element elementor-element-90dde28 elementor-widget elementor-widget-read-more\" data-id=\"90dde28\" data-element_type=\"widget\" data-e-type=\"widget\" data-widget_type=\"read-more.default\">\n\t\t\t\t<div class=\"elementor-widget-container\">\n\t\t\t\t\t<\/div><\/div><\/div><\/div><\/div><\/div> <a href=\"http:\/\/baugeschichte.tuwien.ac.at\/website\/institut\/siq\/#more-818\" class=\"more-link elementor-more-link\"><span aria-label=\"Continue reading [SIQ!]\">Continue reading<\/span><\/a>","protected":false},"excerpt":{"rendered":"<p>Studienintegrierte Qualifikation [SIQ!] Bauforschung.Denkmalpflege.Baupraxis im Bestand Die Studienintegrierte Qualifikation [SiQ!] Bauforschung.Denkmalpflege bietet eine vertiefende Ausbildung f\u00fcr Studierende mit besonderem Interesse in den Bereichen Historische Bauforschung, Denkmalpflege, Baudokumentation und -analyse sowie Planen und Bauen im historischen Bestand. Durch die vorrangige Belegung von disziplingebundenen Lehrveranstaltungen im Umfang von 80 ECTS des Masterstudiums Architektur qualifizieren sich Studierende f\u00fcr [&hellip;]<\/p>\n","protected":false},"author":1,"featured_media":0,"parent":182,"menu_order":0,"comment_status":"closed","ping_status":"closed","template":"elementor_header_footer","meta":{"_acf_changed":false,"footnotes":""},"class_list":["post-818","page","type-page","status-publish","hentry"],"acf":[],"rttpg_featured_image_url":null,"rttpg_author":{"display_name":"admin","author_link":"http:\/\/baugeschichte.tuwien.ac.at\/website\/author\/admin\/"},"rttpg_comment":0,"rttpg_category":null,"rttpg_excerpt":"Studienintegrierte Qualifikation [SIQ!] Bauforschung.Denkmalpflege.Baupraxis im Bestand Die Studienintegrierte Qualifikation [SiQ!] Bauforschung.Denkmalpflege bietet eine vertiefende Ausbildung f\u00fcr Studierende mit besonderem Interesse in den Bereichen Historische Bauforschung, Denkmalpflege, Baudokumentation und -analyse sowie Planen und Bauen im historischen Bestand. Durch die vorrangige Belegung von disziplingebundenen Lehrveranstaltungen im Umfang von 80 ECTS des Masterstudiums Architektur qualifizieren sich Studierende f\u00fcr&hellip;","_links":{"self":[{"href":"http:\/\/baugeschichte.tuwien.ac.at\/website\/wp-json\/wp\/v2\/pages\/818","targetHints":{"allow":["GET"]}}],"collection":[{"href":"http:\/\/baugeschichte.tuwien.ac.at\/website\/wp-json\/wp\/v2\/pages"}],"about":[{"href":"http:\/\/baugeschichte.tuwien.ac.at\/website\/wp-json\/wp\/v2\/types\/page"}],"author":[{"embeddable":true,"href":"http:\/\/baugeschichte.tuwien.ac.at\/website\/wp-json\/wp\/v2\/users\/1"}],"replies":[{"embeddable":true,"href":"http:\/\/baugeschichte.tuwien.ac.at\/website\/wp-json\/wp\/v2\/comments?post=818"}],"version-history":[{"count":0,"href":"http:\/\/baugeschichte.tuwien.ac.at\/website\/wp-json\/wp\/v2\/pages\/818\/revisions"}],"up":[{"embeddable":true,"href":"http:\/\/baugeschichte.tuwien.ac.at\/website\/wp-json\/wp\/v2\/pages\/182"}],"wp:attachment":[{"href":"http:\/\/baugeschichte.tuwien.ac.at\/website\/wp-json\/wp\/v2\/media?parent=818"}],"curies":[{"name":"wp","href":"https:\/\/api.w.org\/{rel}","templated":true}]}}